{"id":28,"date":"2016-10-27T23:20:39","date_gmt":"2016-10-27T21:20:39","guid":{"rendered":"http:\/\/labici.ch\/site\/?page_id=28"},"modified":"2016-11-08T12:20:01","modified_gmt":"2016-11-08T11:20:01","slug":"location-de-velos","status":"publish","type":"page","link":"http:\/\/labici.ch\/site\/location-de-velos\/","title":{"rendered":"Location de v\u00e9los"},"content":{"rendered":"<h2 style=\"text-align: center;\"><strong><span style=\"text-decoration: underline;\">Location de v\u00e9los (VTT) \u00e9lectriques<\/span><\/strong><\/h2>\n<p style=\"padding-left: 30px; text-align: center;\">Que ce soit en famille,<br \/>\nentre amis ou pour une sortie de bo\u00eete,<br \/>\nnos v\u00e9los \u00e9lectriques vous emm\u00e8neront en toute simplicit\u00e9<br \/>\n\u00e0 moindre effort.<\/p>\n<p style=\"text-align: left; padding-left: 30px;\"><strong>Disponible 7 jours sur 7<\/strong><br \/>\n<span style=\"color: #ff0000;\">Merci de r\u00e9server \u00e0 l'avance.<\/span><\/p>\n<p><strong>Tarifs<\/strong><\/p>\n<table>\n<tbody>\n<tr>\n<td>1 jour<br \/>\n2 jours<br \/>\n1 semaine<br \/>\n1 mois<br \/>\n1 saison\u00a0(6 mois)<\/td>\n<td>59 .-<br \/>\n100.-<br \/>\n250.-<br \/>\n600.-<br \/>\n1600.-<\/td>\n<\/tr>\n<\/tbody>\n<\/table>\n<p><strong>Location et vente<\/strong><\/p>\n<p><em>La Bici<br \/>\nLe coin\u00a03<br \/>\n2534 Orvin<\/em><\/p>\n<p>T\u00e9l: 078\/896'26'49<\/p>\n<p>labici.ch<br \/>\nmailing@labici.ch<\/p>\n","protected":false},"excerpt":{"rendered":"<p>Location de v\u00e9los (VTT) \u00e9lectriques Que ce soit en famille, entre amis ou pour une sortie de bo\u00eete, nos v\u00e9los \u00e9lectriques vous emm\u00e8neront en toute simplicit\u00e9 \u00e0 moindre effort. Disponible 7 jours sur 7 Merci de r\u00e9server \u00e0 l'avance. Tarifs 1 jour 2 jours 1 semaine 1 mois 1 saison\u00a0(6 mois) 59 .- 100.- 250.- <a href=\"http:\/\/labici.ch\/site\/location-de-velos\/\" class=\"more-link\">...continuer la lecture de<span class=\"screen-reader-text\"> \"Location de v\u00e9los\"<\/span><\/a><\/p>\n","protected":false},"author":1,"featured_media":0,"parent":0,"menu_order":0,"comment_status":"closed","ping_status":"closed","template":"","meta":[],"_links":{"self":[{"href":"http:\/\/labici.ch\/site\/wp-json\/wp\/v2\/pages\/28"}],"collection":[{"href":"http:\/\/labici.ch\/site\/wp-json\/wp\/v2\/pages"}],"about":[{"href":"http:\/\/labici.ch\/site\/wp-json\/wp\/v2\/types\/page"}],"author":[{"embeddable":true,"href":"http:\/\/labici.ch\/site\/wp-json\/wp\/v2\/users\/1"}],"replies":[{"embeddable":true,"href":"http:\/\/labici.ch\/site\/wp-json\/wp\/v2\/comments?post=28"}],"version-history":[{"count":6,"href":"http:\/\/labici.ch\/site\/wp-json\/wp\/v2\/pages\/28\/revisions"}],"predecessor-version":[{"id":90,"href":"http:\/\/labici.ch\/site\/wp-json\/wp\/v2\/pages\/28\/revisions\/90"}],"wp:attachment":[{"href":"http:\/\/labici.ch\/site\/wp-json\/wp\/v2\/media?parent=28"}],"curies":[{"name":"wp","href":"https:\/\/api.w.org\/{rel}","templated":true}]}}